{"id":6682,"date":"2024-10-21T22:08:14","date_gmt":"2024-10-21T21:08:14","guid":{"rendered":"https:\/\/balloonflyshop.hu\/?post_type=product&#038;p=6682"},"modified":"2025-02-14T15:52:10","modified_gmt":"2025-02-14T14:52:10","slug":"piros-polo","status":"publish","type":"product","link":"https:\/\/balloonflyshop.hu\/en\/shop\/piros-polo\/","title":{"rendered":"Piros p\u00f3l\u00f3"},"content":{"rendered":"<p><strong>Fedezd fel klasszikus p\u00f3l\u00f3nkat!<\/strong> \ud83c\udf1f<\/p>\n<p><strong>Jellemz\u0151k:<\/strong><\/p>\n<ul>\n<li>Anyag s\u00falya: 145 g\/m\u00b2<\/li>\n<li>\u00d6sszet\u00e9tel: 100% pamut,<\/li>\n<li>40\u00b0C-ig moshat\u00f3<\/li>\n<\/ul>\n<p>T\u00f6k\u00e9letes v\u00e1laszt\u00e1s a h\u00e9tk\u00f6znapi kimenetekhez vagy r\u00e9tegez\u00e9shez, ez a klasszikus p\u00f3l\u00f3 a sokoldal\u00fas\u00e1got \u00f6tv\u00f6zi a id\u0151tlen st\u00edlussal!<\/p>\n<p>&nbsp;<\/p>\n<p><strong>Figyelem! A term\u00e9ket csak szem\u00e9lyesen lehet \u00e1tvenni a v\u00e1rosligeti p\u00e9nzt\u00e1runkban mely Budapesten tal\u00e1lhat\u00f3.\u00a0<\/strong><\/p>","protected":false},"excerpt":{"rendered":"<p>Fedezd fel klasszikus p\u00f3l\u00f3nkat! \ud83c\udf1f Jellemz\u0151k: Anyag s\u00falya: 145 g\/m\u00b2 \u00d6sszet\u00e9tel: 100% pamut, 40\u00b0C-ig moshat\u00f3 T\u00f6k\u00e9letes v\u00e1laszt\u00e1s a h\u00e9tk\u00f6znapi kimenetekhez vagy r\u00e9tegez\u00e9shez, ez a klasszikus p\u00f3l\u00f3 a sokoldal\u00fas\u00e1got \u00f6tv\u00f6zi a id\u0151tlen st\u00edlussal! &nbsp; Figyelem! A term\u00e9ket csak szem\u00e9lyesen lehet \u00e1tvenni a v\u00e1rosligeti p\u00e9nzt\u00e1runkban mely Budapesten tal\u00e1lhat\u00f3.\u00a0<\/p>","protected":false},"featured_media":6681,"template":"","meta":[],"product_cat":[26],"product_tag":[],"aioseo_notices":[],"jetpack_sharing_enabled":true,"_links":{"self":[{"href":"https:\/\/balloonflyshop.hu\/en\/wp-json\/wp\/v2\/product\/6682"}],"collection":[{"href":"https:\/\/balloonflyshop.hu\/en\/wp-json\/wp\/v2\/product"}],"about":[{"href":"https:\/\/balloonflyshop.hu\/en\/wp-json\/wp\/v2\/types\/product"}],"wp:featuredmedia":[{"embeddable":true,"href":"https:\/\/balloonflyshop.hu\/en\/wp-json\/wp\/v2\/media\/6681"}],"wp:attachment":[{"href":"https:\/\/balloonflyshop.hu\/en\/wp-json\/wp\/v2\/media?parent=6682"}],"wp:term":[{"taxonomy":"product_cat","embeddable":true,"href":"https:\/\/balloonflyshop.hu\/en\/wp-json\/wp\/v2\/product_cat?post=6682"},{"taxonomy":"product_tag","embeddable":true,"href":"https:\/\/balloonflyshop.hu\/en\/wp-json\/wp\/v2\/product_tag?post=6682"}],"curies":[{"name":"wp","href":"https:\/\/api.w.org\/{rel}","templated":true}]}}