{"id":6678,"date":"2024-10-21T21:44:34","date_gmt":"2024-10-21T20:44:34","guid":{"rendered":"https:\/\/balloonflyshop.hu\/?post_type=product&#038;p=6678"},"modified":"2025-02-14T17:00:50","modified_gmt":"2025-02-14T16:00:50","slug":"feher-galleros-polo","status":"publish","type":"product","link":"https:\/\/balloonflyshop.hu\/en\/shop\/feher-galleros-polo\/","title":{"rendered":"Feh\u00e9r gall\u00e9ros p\u00f3l\u00f3"},"content":{"rendered":"<p>Ez a st\u00edlusos \u00e9s k\u00e9nyelmes feh\u00e9r gall\u00e9ros p\u00f3l\u00f3 100%-os pamutb\u00f3l k\u00e9sz\u00fclt. A p\u00f3l\u00f3n a sz\u00edvn\u00e9l tal\u00e1lhat\u00f3 fekete BalloonFly log\u00f3 \u00e9s a h\u00e1toldalon l\u00e9v\u0151 ballon grafika teszi igaz\u00e1n egyediv\u00e9 \u00e9s vonz\u00f3v\u00e1.<\/p>\n<p>Jellemz\u0151k:<\/p>\n<ul>\n<li>Anyag: 100% pamut<\/li>\n<li>2 gombos nyakkiv\u00e1g\u00e1s \u00f6nsz\u00edn\u0171 gombokkal<\/li>\n<\/ul>\n<p>M\u00e9retv\u00e1laszt\u00e9k:<\/p>\n<ul>\n<li>S<\/li>\n<li>M<\/li>\n<li>L<\/li>\n<li>XL<\/li>\n<\/ul>\n<p>T\u00f6k\u00e9letes v\u00e1laszt\u00e1s mindennapi viselethez vagy egy k\u00fcl\u00f6nleges alkalomhoz! Vidd magaddal a BalloonFly st\u00edlust \u00e9s mutasd meg a vil\u00e1gnak a kedvenc \u00e9lm\u00e9nyeidet! \ud83c\udf0d\ud83d\udcab<\/p>\n<p><strong>Figyelem! A term\u00e9ket csak szem\u00e9lyesen lehet \u00e1tvenni a v\u00e1rosligeti p\u00e9nzt\u00e1runkban mely Budapesten tal\u00e1lhat\u00f3.\u00a0<\/strong><\/p>","protected":false},"excerpt":{"rendered":"<p>Ez a st\u00edlusos \u00e9s k\u00e9nyelmes feh\u00e9r gall\u00e9ros p\u00f3l\u00f3 100%-os pamutb\u00f3l k\u00e9sz\u00fclt. A p\u00f3l\u00f3n a sz\u00edvn\u00e9l tal\u00e1lhat\u00f3 fekete BalloonFly log\u00f3 \u00e9s a h\u00e1toldalon l\u00e9v\u0151 ballon grafika teszi igaz\u00e1n egyediv\u00e9 \u00e9s vonz\u00f3v\u00e1. Jellemz\u0151k: Anyag: 100% pamut 2 gombos nyakkiv\u00e1g\u00e1s \u00f6nsz\u00edn\u0171 gombokkal M\u00e9retv\u00e1laszt\u00e9k: S M L XL T\u00f6k\u00e9letes v\u00e1laszt\u00e1s mindennapi viselethez vagy egy k\u00fcl\u00f6nleges alkalomhoz! Vidd magaddal a [&hellip;]<\/p>\n","protected":false},"featured_media":6679,"template":"","meta":[],"product_cat":[26],"product_tag":[],"aioseo_notices":[],"jetpack_sharing_enabled":true,"_links":{"self":[{"href":"https:\/\/balloonflyshop.hu\/en\/wp-json\/wp\/v2\/product\/6678"}],"collection":[{"href":"https:\/\/balloonflyshop.hu\/en\/wp-json\/wp\/v2\/product"}],"about":[{"href":"https:\/\/balloonflyshop.hu\/en\/wp-json\/wp\/v2\/types\/product"}],"wp:featuredmedia":[{"embeddable":true,"href":"https:\/\/balloonflyshop.hu\/en\/wp-json\/wp\/v2\/media\/6679"}],"wp:attachment":[{"href":"https:\/\/balloonflyshop.hu\/en\/wp-json\/wp\/v2\/media?parent=6678"}],"wp:term":[{"taxonomy":"product_cat","embeddable":true,"href":"https:\/\/balloonflyshop.hu\/en\/wp-json\/wp\/v2\/product_cat?post=6678"},{"taxonomy":"product_tag","embeddable":true,"href":"https:\/\/balloonflyshop.hu\/en\/wp-json\/wp\/v2\/product_tag?post=6678"}],"curies":[{"name":"wp","href":"https:\/\/api.w.org\/{rel}","templated":true}]}}