{"id":6676,"date":"2024-10-21T21:42:55","date_gmt":"2024-10-21T20:42:55","guid":{"rendered":"https:\/\/balloonflyshop.hu\/?post_type=product&#038;p=6676"},"modified":"2025-02-14T17:02:23","modified_gmt":"2025-02-14T16:02:23","slug":"piros-pulover","status":"publish","type":"product","link":"https:\/\/balloonflyshop.hu\/en\/shop\/piros-pulover\/","title":{"rendered":"Piros pulo\u0301ver"},"content":{"rendered":"<p><strong>Fedezd fel klasszikus unisex kapucnis pul\u00f3ver\u00fcnket!<\/strong> \ud83c\udf1f<\/p>\n<p><strong>Jellemz\u0151k:<\/strong><\/p>\n<ul>\n<li>Anyag s\u00falya: 280 g\/m\u00b2<\/li>\n<li>\u00d6sszet\u00e9tel: 50% pamut, 50% poli\u00e9szter<\/li>\n<li>Puha, bolyhos\u00edtott h\u00e1toldal a k\u00e9nyelmes viselet\u00e9rt<\/li>\n<li>60\u00b0C-on moshat\u00f3 a k\u00f6nny\u0171 karbantart\u00e1s \u00e9rdek\u00e9ben<\/li>\n<\/ul>\n<p>Emeld a ruhat\u00e1rad szintj\u00e9t ezzel a sokoldal\u00fa pul\u00f3verrel, amely k\u00f6nnyed\u00e9n \u00f6tv\u00f6zi a k\u00e9nyelmet \u00e9s a st\u00edlust! A sz\u00edvn\u00e9l tal\u00e1lhat\u00f3 fekete BalloonFly log\u00f3 \u00e9s a h\u00e1toldalon l\u00e9v\u0151 ballon grafika teszi igaz\u00e1n egyediv\u00e9 \u00e9s vonz\u00f3v\u00e1.<\/p>\n<p><strong>Figyelem! A term\u00e9ket csak szem\u00e9lyesen lehet \u00e1tvenni a v\u00e1rosligeti p\u00e9nzt\u00e1runkban mely Budapesten tal\u00e1lhat\u00f3.\u00a0<\/strong><\/p>","protected":false},"excerpt":{"rendered":"<p>Fedezd fel klasszikus unisex kapucnis pul\u00f3ver\u00fcnket! \ud83c\udf1f Jellemz\u0151k: Anyag s\u00falya: 280 g\/m\u00b2 \u00d6sszet\u00e9tel: 50% pamut, 50% poli\u00e9szter Puha, bolyhos\u00edtott h\u00e1toldal a k\u00e9nyelmes viselet\u00e9rt 60\u00b0C-on moshat\u00f3 a k\u00f6nny\u0171 karbantart\u00e1s \u00e9rdek\u00e9ben Emeld a ruhat\u00e1rad szintj\u00e9t ezzel a sokoldal\u00fa pul\u00f3verrel, amely k\u00f6nnyed\u00e9n \u00f6tv\u00f6zi a k\u00e9nyelmet \u00e9s a st\u00edlust! A sz\u00edvn\u00e9l tal\u00e1lhat\u00f3 fekete BalloonFly log\u00f3 \u00e9s a h\u00e1toldalon l\u00e9v\u0151 [&hellip;]<\/p>\n","protected":false},"featured_media":6677,"template":"","meta":[],"product_cat":[26],"product_tag":[],"aioseo_notices":[],"jetpack_sharing_enabled":true,"_links":{"self":[{"href":"https:\/\/balloonflyshop.hu\/en\/wp-json\/wp\/v2\/product\/6676"}],"collection":[{"href":"https:\/\/balloonflyshop.hu\/en\/wp-json\/wp\/v2\/product"}],"about":[{"href":"https:\/\/balloonflyshop.hu\/en\/wp-json\/wp\/v2\/types\/product"}],"wp:featuredmedia":[{"embeddable":true,"href":"https:\/\/balloonflyshop.hu\/en\/wp-json\/wp\/v2\/media\/6677"}],"wp:attachment":[{"href":"https:\/\/balloonflyshop.hu\/en\/wp-json\/wp\/v2\/media?parent=6676"}],"wp:term":[{"taxonomy":"product_cat","embeddable":true,"href":"https:\/\/balloonflyshop.hu\/en\/wp-json\/wp\/v2\/product_cat?post=6676"},{"taxonomy":"product_tag","embeddable":true,"href":"https:\/\/balloonflyshop.hu\/en\/wp-json\/wp\/v2\/product_tag?post=6676"}],"curies":[{"name":"wp","href":"https:\/\/api.w.org\/{rel}","templated":true}]}}