{"id":582,"date":"2024-06-27T16:09:08","date_gmt":"2024-06-27T15:09:08","guid":{"rendered":"https:\/\/balloonflyshop.hu\/?post_type=product&#038;p=582"},"modified":"2025-02-14T17:03:49","modified_gmt":"2025-02-14T16:03:49","slug":"hutomagnes","status":"publish","type":"product","link":"https:\/\/balloonflyshop.hu\/en\/shop\/hutomagnes\/","title":{"rendered":"H\u0171t\u0151m\u00e1gnes"},"content":{"rendered":"<p><span style=\"font-weight: 400;\">T\u00f6k\u00e9letes szuven\u00edr vagy aj\u00e1nd\u00e9k, amely mindig eml\u00e9keztetni fog a v\u00e1ros sz\u00e9ps\u00e9geire.<\/span><\/p>\n<p><b>Param\u00e9ter:<\/b><\/p>\n<ul>\n<li style=\"font-weight: 400;\" aria-level=\"1\"><span style=\"font-weight: 400;\">M\u00e9ret: 65 x 90 mm, t\u00e9glalap forma<\/span><\/li>\n<\/ul>\n<p>&nbsp;<\/p>\n<p><span style=\"font-weight: 400;\">Kiv\u00e1l\u00f3 min\u0151s\u00e9g\u0171 anyagokb\u00f3l k\u00e9sz\u00fclt, \u00edgy tart\u00f3s \u00e9s hossz\u00fa \u00e9lettartam\u00fa. A BalloonFly log\u00f3 \u00e9s a Budapest eml\u00e9kek sz\u00ednes megjelen\u00edt\u00e9se egy kis darab var\u00e1zslatot visz otthonodba.<\/span><\/p>\n<p>&nbsp;<\/p>\n<p><b>BalloonFly &#8211; Egy eml\u00e9k, amely mindig Veled marad.<\/b><\/p>\n<p>&nbsp;<\/p>\n<p><strong>Figyelem! A term\u00e9ket csak szem\u00e9lyesen lehet \u00e1tvenni a v\u00e1rosligeti p\u00e9nzt\u00e1runkban mely Budapesten tal\u00e1lhat\u00f3.\u00a0<\/strong><\/p>","protected":false},"excerpt":{"rendered":"<p>T\u00f6k\u00e9letes szuven\u00edr vagy aj\u00e1nd\u00e9k, amely mindig eml\u00e9keztetni fog a v\u00e1ros sz\u00e9ps\u00e9geire. Param\u00e9ter: M\u00e9ret: 65 x 90 mm, t\u00e9glalap forma &nbsp; Kiv\u00e1l\u00f3 min\u0151s\u00e9g\u0171 anyagokb\u00f3l k\u00e9sz\u00fclt, \u00edgy tart\u00f3s \u00e9s hossz\u00fa \u00e9lettartam\u00fa. A BalloonFly log\u00f3 \u00e9s a Budapest eml\u00e9kek sz\u00ednes megjelen\u00edt\u00e9se egy kis darab var\u00e1zslatot visz otthonodba. &nbsp; BalloonFly &#8211; Egy eml\u00e9k, amely mindig Veled marad. &nbsp; Figyelem! [&hellip;]<\/p>\n","protected":false},"featured_media":572,"template":"","meta":[],"product_cat":[26],"product_tag":[],"aioseo_notices":[],"jetpack_sharing_enabled":true,"_links":{"self":[{"href":"https:\/\/balloonflyshop.hu\/en\/wp-json\/wp\/v2\/product\/582"}],"collection":[{"href":"https:\/\/balloonflyshop.hu\/en\/wp-json\/wp\/v2\/product"}],"about":[{"href":"https:\/\/balloonflyshop.hu\/en\/wp-json\/wp\/v2\/types\/product"}],"wp:featuredmedia":[{"embeddable":true,"href":"https:\/\/balloonflyshop.hu\/en\/wp-json\/wp\/v2\/media\/572"}],"wp:attachment":[{"href":"https:\/\/balloonflyshop.hu\/en\/wp-json\/wp\/v2\/media?parent=582"}],"wp:term":[{"taxonomy":"product_cat","embeddable":true,"href":"https:\/\/balloonflyshop.hu\/en\/wp-json\/wp\/v2\/product_cat?post=582"},{"taxonomy":"product_tag","embeddable":true,"href":"https:\/\/balloonflyshop.hu\/en\/wp-json\/wp\/v2\/product_tag?post=582"}],"curies":[{"name":"wp","href":"https:\/\/api.w.org\/{rel}","templated":true}]}}