{"id":580,"date":"2024-06-27T16:08:06","date_gmt":"2024-06-27T15:08:06","guid":{"rendered":"https:\/\/balloonflyshop.hu\/?post_type=product&#038;p=580"},"modified":"2025-02-14T17:04:04","modified_gmt":"2025-02-14T16:04:04","slug":"szinezheto-hatizsak","status":"publish","type":"product","link":"https:\/\/balloonflyshop.hu\/en\/shop\/szinezheto-hatizsak\/","title":{"rendered":"Sz\u00ednezhet\u0151 h\u00e1tizs\u00e1k"},"content":{"rendered":"<p><span style=\"font-weight: 400;\">Engedd szabadj\u00e1ra gyermeked kreativit\u00e1s\u00e1t a BalloonFly sz\u00ednezhet\u0151 h\u00e1tizs\u00e1kj\u00e1val! Ez a tornazs\u00e1k nemcsak praktikus \u00e9s k\u00f6nnyen haszn\u00e1lhat\u00f3, hanem lehet\u0151s\u00e9get ad arra is, hogy a gyerekek saj\u00e1t st\u00edlusuk szerint d\u00edsz\u00edts\u00e9k.<\/span><\/p>\n<p>&nbsp;<\/p>\n<p><span style=\"font-weight: 400;\">A nem sz\u0151tt (non-woven) anyag\u00fa tornazs\u00e1k k\u00f6nny\u0171 \u00e9s tart\u00f3s, ide\u00e1lis mindennapi haszn\u00e1latra. A h\u00faz\u00f3zsin\u00f3ros z\u00e1r\u00e1s gyors \u00e9s egyszer\u0171 z\u00e1r\u00e1st biztos\u00edt. A feh\u00e9r alap t\u00f6k\u00e9letes h\u00e1tteret ad a sz\u00ednez\u00e9shez \u00e9s a BalloonFly vagy Hungary felirat\u00fa, valamint a ballonos minta kiemel\u00e9s\u00e9hez.<\/span><\/p>\n<p>&nbsp;<\/p>\n<p><span style=\"font-weight: 400;\">Param\u00e9terek:<\/span><\/p>\n<p><span style=\"font-weight: 400;\">&#8211; Anyag: Nem sz\u0151tt (non-woven) (80 g\/m\u00b2)<\/span><\/p>\n<p><span style=\"font-weight: 400;\">&#8211; M\u00e9ret: 37 x 41 cm<\/span><\/p>\n<p><span style=\"font-weight: 400;\">&#8211; Z\u00e1r\u00e1s: H\u00faz\u00f3zsin\u00f3rral<\/span><\/p>\n<p>&nbsp;<\/p>\n<p><span style=\"font-weight: 400;\">A h\u00e1tizs\u00e1khoz 6 db-os filc k\u00e9szlet tartozik, mely fekete, barna, k\u00e9k, s\u00e1rga, piros \u00e9s z\u00f6ld sz\u00edneket tartalmaz. Ez lehet\u0151v\u00e9 teszi, hogy a gyerekek szabadon alkossanak \u00e9s sz\u00ednezzenek, \u00edgy minden zs\u00e1k egyedi \u00e9s szem\u00e9lyes lesz.<\/span><\/p>\n<p>&nbsp;<\/p>\n<p><b>BalloonFly &#8211; Sz\u00ednek \u00e9s kreativit\u00e1s egy\u00fctt sz\u00e1rnyalnak!<\/b><\/p>\n<p>&nbsp;<\/p>\n<p><strong>Figyelem! A term\u00e9ket csak szem\u00e9lyesen lehet \u00e1tvenni a v\u00e1rosligeti p\u00e9nzt\u00e1runkban mely Budapesten tal\u00e1lhat\u00f3.\u00a0<\/strong><\/p>\n<p>&nbsp;<\/p>","protected":false},"excerpt":{"rendered":"<p>Engedd szabadj\u00e1ra gyermeked kreativit\u00e1s\u00e1t a BalloonFly sz\u00ednezhet\u0151 h\u00e1tizs\u00e1kj\u00e1val! Ez a tornazs\u00e1k nemcsak praktikus \u00e9s k\u00f6nnyen haszn\u00e1lhat\u00f3, hanem lehet\u0151s\u00e9get ad arra is, hogy a gyerekek saj\u00e1t st\u00edlusuk szerint d\u00edsz\u00edts\u00e9k. &nbsp; A nem sz\u0151tt (non-woven) anyag\u00fa tornazs\u00e1k k\u00f6nny\u0171 \u00e9s tart\u00f3s, ide\u00e1lis mindennapi haszn\u00e1latra. A h\u00faz\u00f3zsin\u00f3ros z\u00e1r\u00e1s gyors \u00e9s egyszer\u0171 z\u00e1r\u00e1st biztos\u00edt. A feh\u00e9r alap t\u00f6k\u00e9letes h\u00e1tteret ad [&hellip;]<\/p>\n","protected":false},"featured_media":581,"template":"","meta":[],"product_cat":[26],"product_tag":[],"aioseo_notices":[],"jetpack_sharing_enabled":true,"_links":{"self":[{"href":"https:\/\/balloonflyshop.hu\/en\/wp-json\/wp\/v2\/product\/580"}],"collection":[{"href":"https:\/\/balloonflyshop.hu\/en\/wp-json\/wp\/v2\/product"}],"about":[{"href":"https:\/\/balloonflyshop.hu\/en\/wp-json\/wp\/v2\/types\/product"}],"wp:featuredmedia":[{"embeddable":true,"href":"https:\/\/balloonflyshop.hu\/en\/wp-json\/wp\/v2\/media\/581"}],"wp:attachment":[{"href":"https:\/\/balloonflyshop.hu\/en\/wp-json\/wp\/v2\/media?parent=580"}],"wp:term":[{"taxonomy":"product_cat","embeddable":true,"href":"https:\/\/balloonflyshop.hu\/en\/wp-json\/wp\/v2\/product_cat?post=580"},{"taxonomy":"product_tag","embeddable":true,"href":"https:\/\/balloonflyshop.hu\/en\/wp-json\/wp\/v2\/product_tag?post=580"}],"curies":[{"name":"wp","href":"https:\/\/api.w.org\/{rel}","templated":true}]}}