{"id":579,"date":"2024-06-27T16:07:05","date_gmt":"2024-06-27T15:07:05","guid":{"rendered":"https:\/\/balloonflyshop.hu\/?post_type=product&#038;p=579"},"modified":"2025-02-14T17:04:15","modified_gmt":"2025-02-14T16:04:15","slug":"kulcstarto","status":"publish","type":"product","link":"https:\/\/balloonflyshop.hu\/en\/shop\/kulcstarto\/","title":{"rendered":"Kulcstart\u00f3"},"content":{"rendered":"<p><span style=\"font-weight: 400;\">Vidd magaddal Budapest var\u00e1zs\u00e1t a BalloonFly egyedi kulcstart\u00f3j\u00e1val! Ez a kulcstart\u00f3 nemcsak praktikus kieg\u00e9sz\u00edt\u0151, hanem egy eml\u00e9k is azokr\u00f3l az \u00e9lm\u00e9nyekr\u0151l melyeket a v\u00e1rosban szerezt\u00e9l.<\/span><\/p>\n<p>&nbsp;<\/p>\n<p><span style=\"font-weight: 400;\">A kulcstart\u00f3 bevont cink \u00f6tv\u00f6zetb\u0151l k\u00e9sz\u00fclt, \u00e9s s\u00fcllyesztett, l\u00e1gy festett zom\u00e1ncozott log\u00f3val d\u00edsz\u00edtett, amely r\u00e9szletgazdag \u00e9s tart\u00f3s megjelen\u00e9st biztos\u00edt. A hagyom\u00e1nyos kulcskarika egyszer\u0171 haszn\u00e1latot tesz lehet\u0151v\u00e9, \u00edgy k\u00f6nnyed\u00e9n hozz\u00e1csatolhatod kulcsaidhoz vagy t\u00e1sk\u00e1dhoz.<\/span><\/p>\n<p><b>Param\u00e9terek:<\/b><\/p>\n<ul>\n<li style=\"font-weight: 400;\" aria-level=\"1\"><span style=\"font-weight: 400;\">Anyag: Cink \u00f6tv\u00f6zet (2 mm vastag), nikkel bevonattal<\/span><\/li>\n<li style=\"font-weight: 400;\" aria-level=\"1\"><span style=\"font-weight: 400;\">M\u00e9ret: 35 x 35 mm<\/span><\/li>\n<li style=\"font-weight: 400;\" aria-level=\"1\"><span style=\"font-weight: 400;\">Kialak\u00edt\u00e1s: S\u00fcllyesztett, l\u00e1gy festett zom\u00e1ncozott log\u00f3<\/span><\/li>\n<li style=\"font-weight: 400;\" aria-level=\"1\"><span style=\"font-weight: 400;\">Karika: Hagyom\u00e1nyos kulcskarika<\/span><\/li>\n<\/ul>\n<p>&nbsp;<\/p>\n<p><span style=\"font-weight: 400;\">V\u00e1laszd a BalloonFly kulcstart\u00f3t, \u00e9s vidd magaddal Budapest egy darabj\u00e1t b\u00e1rhov\u00e1 is m\u00e9sz.\u00a0<\/span><\/p>\n<p><b>BalloonFly &#8211; Egy kulcstart\u00f3, egy eml\u00e9k, egy darabka Budapest.<\/b><\/p>\n<p><strong>Figyelem! A term\u00e9ket csak szem\u00e9lyesen lehet \u00e1tvenni a v\u00e1rosligeti p\u00e9nzt\u00e1runkban mely Budapesten tal\u00e1lhat\u00f3.\u00a0<\/strong><\/p>","protected":false},"excerpt":{"rendered":"<p>Vidd magaddal Budapest var\u00e1zs\u00e1t a BalloonFly egyedi kulcstart\u00f3j\u00e1val! Ez a kulcstart\u00f3 nemcsak praktikus kieg\u00e9sz\u00edt\u0151, hanem egy eml\u00e9k is azokr\u00f3l az \u00e9lm\u00e9nyekr\u0151l melyeket a v\u00e1rosban szerezt\u00e9l. &nbsp; A kulcstart\u00f3 bevont cink \u00f6tv\u00f6zetb\u0151l k\u00e9sz\u00fclt, \u00e9s s\u00fcllyesztett, l\u00e1gy festett zom\u00e1ncozott log\u00f3val d\u00edsz\u00edtett, amely r\u00e9szletgazdag \u00e9s tart\u00f3s megjelen\u00e9st biztos\u00edt. A hagyom\u00e1nyos kulcskarika egyszer\u0171 haszn\u00e1latot tesz lehet\u0151v\u00e9, \u00edgy k\u00f6nnyed\u00e9n hozz\u00e1csatolhatod [&hellip;]<\/p>\n","protected":false},"featured_media":573,"template":"","meta":[],"product_cat":[26],"product_tag":[],"aioseo_notices":[],"jetpack_sharing_enabled":true,"_links":{"self":[{"href":"https:\/\/balloonflyshop.hu\/en\/wp-json\/wp\/v2\/product\/579"}],"collection":[{"href":"https:\/\/balloonflyshop.hu\/en\/wp-json\/wp\/v2\/product"}],"about":[{"href":"https:\/\/balloonflyshop.hu\/en\/wp-json\/wp\/v2\/types\/product"}],"wp:featuredmedia":[{"embeddable":true,"href":"https:\/\/balloonflyshop.hu\/en\/wp-json\/wp\/v2\/media\/573"}],"wp:attachment":[{"href":"https:\/\/balloonflyshop.hu\/en\/wp-json\/wp\/v2\/media?parent=579"}],"wp:term":[{"taxonomy":"product_cat","embeddable":true,"href":"https:\/\/balloonflyshop.hu\/en\/wp-json\/wp\/v2\/product_cat?post=579"},{"taxonomy":"product_tag","embeddable":true,"href":"https:\/\/balloonflyshop.hu\/en\/wp-json\/wp\/v2\/product_tag?post=579"}],"curies":[{"name":"wp","href":"https:\/\/api.w.org\/{rel}","templated":true}]}}