{"id":577,"date":"2024-06-27T16:05:11","date_gmt":"2024-06-27T15:05:11","guid":{"rendered":"https:\/\/balloonflyshop.hu\/?post_type=product&#038;p=577"},"modified":"2025-02-14T17:04:45","modified_gmt":"2025-02-14T16:04:45","slug":"esernyo","status":"publish","type":"product","link":"https:\/\/balloonflyshop.hu\/en\/shop\/esernyo\/","title":{"rendered":"Eserny\u0151"},"content":{"rendered":"<p><span style=\"font-weight: 400;\">Automata eserny\u0151 kiv\u00e1l\u00f3 min\u0151s\u00e9g\u0171 fa ny\u00e9llel, fa z\u00e1r\u00f3kupakokkal \u00e9s hajl\u00edtott fa markolattal k\u00e9sz\u00fclt, amely egyedi \u00e9s term\u00e9szetes megjelen\u00e9st biztos\u00edt. A f\u00e9m bord\u00e1zat \u00e9s a poli\u00e9szter erny\u0151 megb\u00edzhat\u00f3 stabilit\u00e1st \u00e9s v\u00e9delmet ny\u00fajt az es\u0151 ellen. A t\u00e9p\u0151z\u00e1r pedig egyszer\u0171 \u00e9s gyors z\u00e1r\u00e1st tesz lehet\u0151v\u00e9.<\/span><\/p>\n<p><b>Param\u00e9terek:<\/b><\/p>\n<ul>\n<li style=\"font-weight: 400;\" aria-level=\"1\"><span style=\"font-weight: 400;\">Ny\u00e9l: Fa<\/span><\/li>\n<li style=\"font-weight: 400;\" aria-level=\"1\"><span style=\"font-weight: 400;\">Bord\u00e1zat: F\u00e9m<\/span><\/li>\n<li style=\"font-weight: 400;\" aria-level=\"1\"><span style=\"font-weight: 400;\">Z\u00e1r\u00f3kupakok: Fa<\/span><\/li>\n<li style=\"font-weight: 400;\" aria-level=\"1\"><span style=\"font-weight: 400;\">Markolat: Hajl\u00edtott fa<\/span><\/li>\n<li style=\"font-weight: 400;\" aria-level=\"1\"><span style=\"font-weight: 400;\">Erny\u0151: Poli\u00e9szter<\/span><\/li>\n<li style=\"font-weight: 400;\" aria-level=\"1\"><span style=\"font-weight: 400;\">Z\u00e1r\u00e1s: T\u00e9p\u0151z\u00e1r<\/span><\/li>\n<li style=\"font-weight: 400;\" aria-level=\"1\"><span style=\"font-weight: 400;\">M\u00e9ret: \u00d8103 cm<\/span><\/li>\n<\/ul>\n<p><span style=\"font-weight: 400;\">Legyen sz\u00f3 egy es\u0151s s\u00e9t\u00e1r\u00f3l Budapest utc\u00e1in vagy egy utaz\u00e1sr\u00f3l, a BalloonFly piros eserny\u0151 st\u00edlusosan \u00e9s megb\u00edzhat\u00f3an v\u00e9d majd.<\/span><\/p>\n<p><b>BalloonFly &#8211; Egy eserny\u0151, egy eml\u00e9k, egy darabka Budapest.<\/b><\/p>\n<p>&nbsp;<\/p>\n<p><strong>Figyelem! A term\u00e9ket csak szem\u00e9lyesen lehet \u00e1tvenni a v\u00e1rosligeti p\u00e9nzt\u00e1runkban mely Budapesten tal\u00e1lhat\u00f3.\u00a0<\/strong><\/p>","protected":false},"excerpt":{"rendered":"<p>Automata eserny\u0151 kiv\u00e1l\u00f3 min\u0151s\u00e9g\u0171 fa ny\u00e9llel, fa z\u00e1r\u00f3kupakokkal \u00e9s hajl\u00edtott fa markolattal k\u00e9sz\u00fclt, amely egyedi \u00e9s term\u00e9szetes megjelen\u00e9st biztos\u00edt. A f\u00e9m bord\u00e1zat \u00e9s a poli\u00e9szter erny\u0151 megb\u00edzhat\u00f3 stabilit\u00e1st \u00e9s v\u00e9delmet ny\u00fajt az es\u0151 ellen. A t\u00e9p\u0151z\u00e1r pedig egyszer\u0171 \u00e9s gyors z\u00e1r\u00e1st tesz lehet\u0151v\u00e9. Param\u00e9terek: Ny\u00e9l: Fa Bord\u00e1zat: F\u00e9m Z\u00e1r\u00f3kupakok: Fa Markolat: Hajl\u00edtott fa Erny\u0151: Poli\u00e9szter [&hellip;]<\/p>\n","protected":false},"featured_media":575,"template":"","meta":[],"product_cat":[26],"product_tag":[],"aioseo_notices":[],"jetpack_sharing_enabled":true,"_links":{"self":[{"href":"https:\/\/balloonflyshop.hu\/en\/wp-json\/wp\/v2\/product\/577"}],"collection":[{"href":"https:\/\/balloonflyshop.hu\/en\/wp-json\/wp\/v2\/product"}],"about":[{"href":"https:\/\/balloonflyshop.hu\/en\/wp-json\/wp\/v2\/types\/product"}],"wp:featuredmedia":[{"embeddable":true,"href":"https:\/\/balloonflyshop.hu\/en\/wp-json\/wp\/v2\/media\/575"}],"wp:attachment":[{"href":"https:\/\/balloonflyshop.hu\/en\/wp-json\/wp\/v2\/media?parent=577"}],"wp:term":[{"taxonomy":"product_cat","embeddable":true,"href":"https:\/\/balloonflyshop.hu\/en\/wp-json\/wp\/v2\/product_cat?post=577"},{"taxonomy":"product_tag","embeddable":true,"href":"https:\/\/balloonflyshop.hu\/en\/wp-json\/wp\/v2\/product_tag?post=577"}],"curies":[{"name":"wp","href":"https:\/\/api.w.org\/{rel}","templated":true}]}}