{"id":576,"date":"2024-06-27T16:03:25","date_gmt":"2024-06-27T15:03:25","guid":{"rendered":"https:\/\/balloonflyshop.hu\/?post_type=product&#038;p=576"},"modified":"2025-02-14T17:04:53","modified_gmt":"2025-02-14T16:04:53","slug":"osszecsukhato-esernyo","status":"publish","type":"product","link":"https:\/\/balloonflyshop.hu\/en\/shop\/osszecsukhato-esernyo\/","title":{"rendered":"\u00d6sszecsukhat\u00f3 eserny\u0151"},"content":{"rendered":"<p><span style=\"font-weight: 400;\">Ez az eserny\u0151 nemcsak praktikus v\u00e9delmet ny\u00fajt az es\u0151 ellen, hanem a BalloonFly ballon piros-feh\u00e9r sz\u00edneiben pomp\u00e1zik, mely Szinyei Merse P\u00e1l ikonikus &#8222;Ballon&#8221; c\u00edm\u0171 festm\u00e9ny\u00e9t id\u00e9zi.<\/span><\/p>\n<p><span style=\"font-weight: 400;\">Az eserny\u0151 2 szelv\u00e9nyes f\u00e9m ny\u00e9llel \u00e9s f\u00e9m bord\u00e1zattal k\u00e9sz\u00fclt, biztos\u00edtva a tart\u00f3ss\u00e1got \u00e9s stabilit\u00e1st. A fekete m\u0171anyag fog\u00f3 k\u00e9nyelmes fog\u00e1st biztos\u00edt, m\u00edg a poli\u00e9szter erny\u0151 megb\u00edzhat\u00f3 v\u00e9delmet ny\u00fajt az es\u0151 ellen.<\/span><\/p>\n<p><b>Param\u00e9terek:<\/b><\/p>\n<ul>\n<li style=\"font-weight: 400;\" aria-level=\"1\"><span style=\"font-weight: 400;\">Ny\u00e9l: 2 szelv\u00e9nyes f\u00e9m<\/span><\/li>\n<li style=\"font-weight: 400;\" aria-level=\"1\"><span style=\"font-weight: 400;\">Bord\u00e1zat: F\u00e9m<\/span><\/li>\n<li style=\"font-weight: 400;\" aria-level=\"1\"><span style=\"font-weight: 400;\">Fog\u00f3: Fekete m\u0171anyag<\/span><\/li>\n<li style=\"font-weight: 400;\" aria-level=\"1\"><span style=\"font-weight: 400;\">Erny\u0151: Poli\u00e9szter<\/span><\/li>\n<li style=\"font-weight: 400;\" aria-level=\"1\"><span style=\"font-weight: 400;\">M\u00e9ret: \u00d885 cm<\/span><\/li>\n<\/ul>\n<p><span style=\"font-weight: 400;\">Legyen sz\u00f3 egy es\u0151s s\u00e9t\u00e1r\u00f3l Budapest utc\u00e1in vagy egy utaz\u00e1sr\u00f3l, a BalloonFly eserny\u0151 st\u00edlusosan \u00e9s megb\u00edzhat\u00f3an v\u00e9d majd, mik\u00f6zben a v\u00e1ros var\u00e1zs\u00e1t \u00e9s a h\u00edres festm\u00e9ny sz\u00edneit id\u00e9zi.<\/span><\/p>\n<p><b>BalloonFly &#8211; Egy eserny\u0151, egy eml\u00e9k, egy darabka Budapest.<\/b><\/p>\n<p>&nbsp;<\/p>\n<p><strong>Figyelem! A term\u00e9ket csak szem\u00e9lyesen lehet \u00e1tvenni a v\u00e1rosligeti p\u00e9nzt\u00e1runkban mely Budapesten tal\u00e1lhat\u00f3.\u00a0<\/strong><\/p>","protected":false},"excerpt":{"rendered":"<p>Ez az eserny\u0151 nemcsak praktikus v\u00e9delmet ny\u00fajt az es\u0151 ellen, hanem a BalloonFly ballon piros-feh\u00e9r sz\u00edneiben pomp\u00e1zik, mely Szinyei Merse P\u00e1l ikonikus &#8222;Ballon&#8221; c\u00edm\u0171 festm\u00e9ny\u00e9t id\u00e9zi. Az eserny\u0151 2 szelv\u00e9nyes f\u00e9m ny\u00e9llel \u00e9s f\u00e9m bord\u00e1zattal k\u00e9sz\u00fclt, biztos\u00edtva a tart\u00f3ss\u00e1got \u00e9s stabilit\u00e1st. A fekete m\u0171anyag fog\u00f3 k\u00e9nyelmes fog\u00e1st biztos\u00edt, m\u00edg a poli\u00e9szter erny\u0151 megb\u00edzhat\u00f3 v\u00e9delmet ny\u00fajt [&hellip;]<\/p>\n","protected":false},"featured_media":574,"template":"","meta":[],"product_cat":[26],"product_tag":[],"aioseo_notices":[],"jetpack_sharing_enabled":true,"_links":{"self":[{"href":"https:\/\/balloonflyshop.hu\/en\/wp-json\/wp\/v2\/product\/576"}],"collection":[{"href":"https:\/\/balloonflyshop.hu\/en\/wp-json\/wp\/v2\/product"}],"about":[{"href":"https:\/\/balloonflyshop.hu\/en\/wp-json\/wp\/v2\/types\/product"}],"wp:featuredmedia":[{"embeddable":true,"href":"https:\/\/balloonflyshop.hu\/en\/wp-json\/wp\/v2\/media\/574"}],"wp:attachment":[{"href":"https:\/\/balloonflyshop.hu\/en\/wp-json\/wp\/v2\/media?parent=576"}],"wp:term":[{"taxonomy":"product_cat","embeddable":true,"href":"https:\/\/balloonflyshop.hu\/en\/wp-json\/wp\/v2\/product_cat?post=576"},{"taxonomy":"product_tag","embeddable":true,"href":"https:\/\/balloonflyshop.hu\/en\/wp-json\/wp\/v2\/product_tag?post=576"}],"curies":[{"name":"wp","href":"https:\/\/api.w.org\/{rel}","templated":true}]}}