{"id":570,"date":"2024-06-27T16:00:24","date_gmt":"2024-06-27T15:00:24","guid":{"rendered":"https:\/\/balloonflyshop.hu\/?post_type=product&#038;p=570"},"modified":"2025-02-14T17:05:07","modified_gmt":"2025-02-14T16:05:07","slug":"vaszontaska","status":"publish","type":"product","link":"https:\/\/balloonflyshop.hu\/en\/shop\/vaszontaska\/","title":{"rendered":"V\u00e1szont\u00e1ska"},"content":{"rendered":"<p><span style=\"font-weight: 400;\">Ez a 100% pamutb\u00f3l k\u00e9sz\u00fclt v\u00e1szont\u00e1ska nem csup\u00e1n egy st\u00edlusos kieg\u00e9sz\u00edt\u0151, hanem egy fenntarthat\u00f3 v\u00e1laszt\u00e1s is, amely seg\u00edt cs\u00f6kkenteni a m\u0171anyag hullad\u00e9kot.<\/span><\/p>\n<p><span style=\"font-weight: 400;\">A 140 g vastag anyag biztos\u00edtja a t\u00e1ska tart\u00f3ss\u00e1g\u00e1t, \u00edgy a mindennapi bev\u00e1s\u00e1rl\u00e1sok \u00e9s kir\u00e1ndul\u00e1sok sor\u00e1n is megb\u00edzhat\u00f3 t\u00e1rs lesz. A hossz\u00fa f\u00fcllel k\u00f6nnyed\u00e9n v\u00e1llon hordhat\u00f3, \u00edgy k\u00e9nyelmes haszn\u00e1latot biztos\u00edt.<\/span><\/p>\n<p><b>Param\u00e9terek:<\/b><\/p>\n<ul>\n<li style=\"font-weight: 400;\" aria-level=\"1\"><span style=\"font-weight: 400;\">Anyaga: 100% pamut<\/span><\/li>\n<li style=\"font-weight: 400;\" aria-level=\"1\"><span style=\"font-weight: 400;\">Vastags\u00e1g: 140 g<\/span><\/li>\n<li style=\"font-weight: 400;\" aria-level=\"1\"><span style=\"font-weight: 400;\">M\u00e9ret: 38 x 42 cm<\/span><\/li>\n<li style=\"font-weight: 400;\" aria-level=\"1\"><span style=\"font-weight: 400;\">K\u00e9nyelmes, hossz\u00fa f\u00fclek<\/span><\/li>\n<\/ul>\n<p>&nbsp;<\/p>\n<p><span style=\"font-weight: 400;\">Tedd le voksodat a fenntarthat\u00f3s\u00e1g mellett, \u00e9s v\u00e1laszd a k\u00f6rnyezetbar\u00e1t megold\u00e1st mindennapi \u00e9letedhez.<\/span><\/p>\n<p><b>BalloonFly &#8211; Egy t\u00e1ska, egy eml\u00e9k, egy z\u00f6ldebb j\u00f6v\u0151\u00e9rt.<\/b><\/p>\n<p>&nbsp;<\/p>\n<p><strong>Figyelem! A term\u00e9ket csak szem\u00e9lyesen lehet \u00e1tvenni a v\u00e1rosligeti p\u00e9nzt\u00e1runkban mely Budapesten tal\u00e1lhat\u00f3.\u00a0<\/strong><\/p>","protected":false},"excerpt":{"rendered":"<p>Ez a 100% pamutb\u00f3l k\u00e9sz\u00fclt v\u00e1szont\u00e1ska nem csup\u00e1n egy st\u00edlusos kieg\u00e9sz\u00edt\u0151, hanem egy fenntarthat\u00f3 v\u00e1laszt\u00e1s is, amely seg\u00edt cs\u00f6kkenteni a m\u0171anyag hullad\u00e9kot. A 140 g vastag anyag biztos\u00edtja a t\u00e1ska tart\u00f3ss\u00e1g\u00e1t, \u00edgy a mindennapi bev\u00e1s\u00e1rl\u00e1sok \u00e9s kir\u00e1ndul\u00e1sok sor\u00e1n is megb\u00edzhat\u00f3 t\u00e1rs lesz. A hossz\u00fa f\u00fcllel k\u00f6nnyed\u00e9n v\u00e1llon hordhat\u00f3, \u00edgy k\u00e9nyelmes haszn\u00e1latot biztos\u00edt. Param\u00e9terek: Anyaga: 100% [&hellip;]<\/p>\n","protected":false},"featured_media":571,"template":"","meta":[],"product_cat":[26],"product_tag":[],"aioseo_notices":[],"jetpack_sharing_enabled":true,"_links":{"self":[{"href":"https:\/\/balloonflyshop.hu\/en\/wp-json\/wp\/v2\/product\/570"}],"collection":[{"href":"https:\/\/balloonflyshop.hu\/en\/wp-json\/wp\/v2\/product"}],"about":[{"href":"https:\/\/balloonflyshop.hu\/en\/wp-json\/wp\/v2\/types\/product"}],"wp:featuredmedia":[{"embeddable":true,"href":"https:\/\/balloonflyshop.hu\/en\/wp-json\/wp\/v2\/media\/571"}],"wp:attachment":[{"href":"https:\/\/balloonflyshop.hu\/en\/wp-json\/wp\/v2\/media?parent=570"}],"wp:term":[{"taxonomy":"product_cat","embeddable":true,"href":"https:\/\/balloonflyshop.hu\/en\/wp-json\/wp\/v2\/product_cat?post=570"},{"taxonomy":"product_tag","embeddable":true,"href":"https:\/\/balloonflyshop.hu\/en\/wp-json\/wp\/v2\/product_tag?post=570"}],"curies":[{"name":"wp","href":"https:\/\/api.w.org\/{rel}","templated":true}]}}