{"id":568,"date":"2024-06-27T15:59:28","date_gmt":"2024-06-27T14:59:28","guid":{"rendered":"https:\/\/balloonflyshop.hu\/?post_type=product&#038;p=568"},"modified":"2025-02-14T17:05:12","modified_gmt":"2025-02-14T16:05:12","slug":"bogre","status":"publish","type":"product","link":"https:\/\/balloonflyshop.hu\/en\/shop\/bogre\/","title":{"rendered":"B\u00f6gre"},"content":{"rendered":"<p><span style=\"font-weight: 400;\">Balloonfly b\u00f6gr\u00e9nk kiv\u00e1l\u00f3 min\u0151s\u00e9g\u0171 ker\u00e1mi\u00e1b\u00f3l k\u00e9sz\u00fclt, \u00e9s mosogat\u00f3g\u00e9pben moshat\u00f3, \u00edgy mindig k\u00f6nnyed\u00e9n tiszt\u00e1n tarthatod. Az EN12875-2 szabv\u00e1ny szerint legal\u00e1bb 125 mos\u00e1si ciklusnak ellen\u00e1ll, bele\u00e9rtve a nyomtat\u00e1st is, \u00edgy a b\u00f6gre sok\u00e1ig meg\u0151rzi sz\u00edneit \u00e9s mint\u00e1it.<\/span><\/p>\n<p><b>Param\u00e9terek:<\/b><\/p>\n<ul>\n<li style=\"font-weight: 400;\" aria-level=\"1\"><span style=\"font-weight: 400;\">Anyaga: Ker\u00e1mia<\/span><\/li>\n<li style=\"font-weight: 400;\" aria-level=\"1\"><span style=\"font-weight: 400;\">\u0170rtartalom: 370 mL<\/span><\/li>\n<li style=\"font-weight: 400;\" aria-level=\"1\"><span style=\"font-weight: 400;\">M\u00e9retek: \u00f890 x 85 mm<\/span><\/li>\n<\/ul>\n<p><span style=\"font-weight: 400;\">Vidd haza Budapest egy darabj\u00e1t, \u00e9s \u00e9ld \u00e1t \u00fajra a vel\u00fcnk szerzett \u00e9lm\u00e9nyedet minden egyes haszn\u00e1latkor!\u00a0<\/span><\/p>\n<p><b>BalloonFly &#8211; Egy b\u00f6gre, egy eml\u00e9k.<\/b><\/p>\n<p>&nbsp;<\/p>\n<p><strong>Figyelem! A term\u00e9ket csak szem\u00e9lyesen lehet \u00e1tvenni a v\u00e1rosligeti p\u00e9nzt\u00e1runkban mely Budapesten tal\u00e1lhat\u00f3.\u00a0<\/strong><\/p>","protected":false},"excerpt":{"rendered":"<p>Balloonfly b\u00f6gr\u00e9nk kiv\u00e1l\u00f3 min\u0151s\u00e9g\u0171 ker\u00e1mi\u00e1b\u00f3l k\u00e9sz\u00fclt, \u00e9s mosogat\u00f3g\u00e9pben moshat\u00f3, \u00edgy mindig k\u00f6nnyed\u00e9n tiszt\u00e1n tarthatod. Az EN12875-2 szabv\u00e1ny szerint legal\u00e1bb 125 mos\u00e1si ciklusnak ellen\u00e1ll, bele\u00e9rtve a nyomtat\u00e1st is, \u00edgy a b\u00f6gre sok\u00e1ig meg\u0151rzi sz\u00edneit \u00e9s mint\u00e1it. Param\u00e9terek: Anyaga: Ker\u00e1mia \u0170rtartalom: 370 mL M\u00e9retek: \u00f890 x 85 mm Vidd haza Budapest egy darabj\u00e1t, \u00e9s \u00e9ld \u00e1t \u00fajra [&hellip;]<\/p>\n","protected":false},"featured_media":569,"template":"","meta":[],"product_cat":[26],"product_tag":[],"aioseo_notices":[],"jetpack_sharing_enabled":true,"_links":{"self":[{"href":"https:\/\/balloonflyshop.hu\/en\/wp-json\/wp\/v2\/product\/568"}],"collection":[{"href":"https:\/\/balloonflyshop.hu\/en\/wp-json\/wp\/v2\/product"}],"about":[{"href":"https:\/\/balloonflyshop.hu\/en\/wp-json\/wp\/v2\/types\/product"}],"wp:featuredmedia":[{"embeddable":true,"href":"https:\/\/balloonflyshop.hu\/en\/wp-json\/wp\/v2\/media\/569"}],"wp:attachment":[{"href":"https:\/\/balloonflyshop.hu\/en\/wp-json\/wp\/v2\/media?parent=568"}],"wp:term":[{"taxonomy":"product_cat","embeddable":true,"href":"https:\/\/balloonflyshop.hu\/en\/wp-json\/wp\/v2\/product_cat?post=568"},{"taxonomy":"product_tag","embeddable":true,"href":"https:\/\/balloonflyshop.hu\/en\/wp-json\/wp\/v2\/product_tag?post=568"}],"curies":[{"name":"wp","href":"https:\/\/api.w.org\/{rel}","templated":true}]}}