{"id":2577,"date":"2024-08-13T19:29:09","date_gmt":"2024-08-13T18:29:09","guid":{"rendered":"https:\/\/balloonflyshop.hu\/?post_type=product&#038;p=2577"},"modified":"2025-02-14T17:03:39","modified_gmt":"2025-02-14T16:03:39","slug":"kepeslap","status":"publish","type":"product","link":"https:\/\/balloonflyshop.hu\/en\/shop\/kepeslap\/","title":{"rendered":"K\u00e9peslap"},"content":{"rendered":"<p><span style=\"font-weight: 400;\">A k\u00e9peslap \u00e9l\u00e9nk sz\u00ednekkel \u00e9s r\u00e9szletgazdag diz\u00e1jnnal id\u00e9zi fel Budapest jellegzetes l\u00e1tv\u00e1nyoss\u00e1gait \u00e9s a h\u00edres BalloonFly ballon hangulat\u00e1t. Tedd k\u00fcl\u00f6nlegess\u00e9 az \u00fczenetedet ezzel a gy\u00f6ny\u00f6r\u0171 k\u00e9peslappal, amely minden c\u00edmzettnek \u00f6r\u00f6met okoz majd.<\/span><\/p>\n<p><span style=\"font-weight: 400;\">M\u00e9ret: A6 (105 x 148 mm)<\/span><\/p>\n<p><b>BalloonFly &#8211; \u00dczenet egy var\u00e1zslatos v\u00e1rosb\u00f3l.<\/b><\/p>\n<p>&nbsp;<\/p>\n<p><strong>Figyelem! A term\u00e9ket csak szem\u00e9lyesen lehet \u00e1tvenni a v\u00e1rosligeti p\u00e9nzt\u00e1runkban mely Budapesten tal\u00e1lhat\u00f3.\u00a0<\/strong><\/p>","protected":false},"excerpt":{"rendered":"<p>A k\u00e9peslap \u00e9l\u00e9nk sz\u00ednekkel \u00e9s r\u00e9szletgazdag diz\u00e1jnnal id\u00e9zi fel Budapest jellegzetes l\u00e1tv\u00e1nyoss\u00e1gait \u00e9s a h\u00edres BalloonFly ballon hangulat\u00e1t. Tedd k\u00fcl\u00f6nlegess\u00e9 az \u00fczenetedet ezzel a gy\u00f6ny\u00f6r\u0171 k\u00e9peslappal, amely minden c\u00edmzettnek \u00f6r\u00f6met okoz majd. M\u00e9ret: A6 (105 x 148 mm) BalloonFly &#8211; \u00dczenet egy var\u00e1zslatos v\u00e1rosb\u00f3l. &nbsp; Figyelem! A term\u00e9ket csak szem\u00e9lyesen lehet \u00e1tvenni a v\u00e1rosligeti p\u00e9nzt\u00e1runkban [&hellip;]<\/p>\n","protected":false},"featured_media":2578,"template":"","meta":[],"product_cat":[26],"product_tag":[],"aioseo_notices":[],"jetpack_sharing_enabled":true,"_links":{"self":[{"href":"https:\/\/balloonflyshop.hu\/en\/wp-json\/wp\/v2\/product\/2577"}],"collection":[{"href":"https:\/\/balloonflyshop.hu\/en\/wp-json\/wp\/v2\/product"}],"about":[{"href":"https:\/\/balloonflyshop.hu\/en\/wp-json\/wp\/v2\/types\/product"}],"wp:featuredmedia":[{"embeddable":true,"href":"https:\/\/balloonflyshop.hu\/en\/wp-json\/wp\/v2\/media\/2578"}],"wp:attachment":[{"href":"https:\/\/balloonflyshop.hu\/en\/wp-json\/wp\/v2\/media?parent=2577"}],"wp:term":[{"taxonomy":"product_cat","embeddable":true,"href":"https:\/\/balloonflyshop.hu\/en\/wp-json\/wp\/v2\/product_cat?post=2577"},{"taxonomy":"product_tag","embeddable":true,"href":"https:\/\/balloonflyshop.hu\/en\/wp-json\/wp\/v2\/product_tag?post=2577"}],"curies":[{"name":"wp","href":"https:\/\/api.w.org\/{rel}","templated":true}]}}