{"id":7,"date":"2022-12-09T17:53:17","date_gmt":"2022-12-09T17:53:17","guid":{"rendered":"http:\/\/balloonflyshop.hu\/?page_id=7"},"modified":"2024-04-29T10:47:33","modified_gmt":"2024-04-29T09:47:33","slug":"cart","status":"publish","type":"page","link":"https:\/\/balloonflyshop.hu\/en\/cart\/","title":{"rendered":"Cart"},"content":{"rendered":"<div data-elementor-type=\"wp-page\" data-elementor-id=\"7\" class=\"elementor elementor-7\" data-elementor-post-type=\"page\">\n\t\t\t\t\t\t<section class=\"elementor-section elementor-top-section elementor-element elementor-element-7d467933 elementor-section-boxed elementor-section-height-default elementor-section-height-default\" data-id=\"7d467933\" data-element_type=\"section\">\n\t\t\t\t\t\t<div class=\"elementor-container elementor-column-gap-default\">\n\t\t\t\t\t<div class=\"elementor-column elementor-col-100 elementor-top-column elementor-element elementor-element-6270bd91\" data-id=\"6270bd91\" data-element_type=\"column\">\n\t\t\t<div class=\"elementor-widget-wrap elementor-element-populated\">\n\t\t\t\t\t\t\t<\/div>\n\t\t<\/div>\n\t\t\t\t\t<\/div>\n\t\t<\/section>\n\t\t\t\t<\/div>","protected":false},"excerpt":{"rendered":"<p>Elem elt\u00e1vol\u00edt\u00e1sa Thumbnail image Term\u00e9k \u00c1r Mennyis\u00e9g R\u00e9sz\u00f6sszeg &times; Csal\u00e1di jegy &#8211; +2 gyerek 26000&nbsp;&#70;&#116; Csal\u00e1di jegy &#8211; +2 gyerek mennyis\u00e9g 26000&nbsp;&#70;&#116; Kos\u00e1r friss\u00edt\u00e9se Kos\u00e1r tartalma R\u00e9sz\u00f6sszeg 26000&nbsp;&#70;&#116; \u00d6sszeg 26000&nbsp;&#70;&#116; (Ad\u00f3tartalom: 5528&nbsp;&#070;&#116; \u00c1FA) Tov\u00e1bb a fizet\u00e9shez<\/p>","protected":false},"author":1,"featured_media":0,"parent":0,"menu_order":0,"comment_status":"closed","ping_status":"closed","template":"","meta":{"footnotes":""},"aioseo_notices":[],"jetpack_sharing_enabled":true,"_links":{"self":[{"href":"https:\/\/balloonflyshop.hu\/en\/wp-json\/wp\/v2\/pages\/7"}],"collection":[{"href":"https:\/\/balloonflyshop.hu\/en\/wp-json\/wp\/v2\/pages"}],"about":[{"href":"https:\/\/balloonflyshop.hu\/en\/wp-json\/wp\/v2\/types\/page"}],"author":[{"embeddable":true,"href":"https:\/\/balloonflyshop.hu\/en\/wp-json\/wp\/v2\/users\/1"}],"replies":[{"embeddable":true,"href":"https:\/\/balloonflyshop.hu\/en\/wp-json\/wp\/v2\/comments?post=7"}],"version-history":[{"count":12,"href":"https:\/\/balloonflyshop.hu\/en\/wp-json\/wp\/v2\/pages\/7\/revisions"}],"predecessor-version":[{"id":457,"href":"https:\/\/balloonflyshop.hu\/en\/wp-json\/wp\/v2\/pages\/7\/revisions\/457"}],"wp:attachment":[{"href":"https:\/\/balloonflyshop.hu\/en\/wp-json\/wp\/v2\/media?parent=7"}],"curies":[{"name":"wp","href":"https:\/\/api.w.org\/{rel}","templated":true}]}}